{"id":1054,"date":"2016-02-04T12:41:04","date_gmt":"2016-02-04T18:41:04","guid":{"rendered":"http:\/\/16599transmedia.org.mx\/epcon\/?page_id=1054"},"modified":"2016-02-23T18:53:54","modified_gmt":"2016-02-24T00:53:54","slug":"poema-sme","status":"publish","type":"page","link":"http:\/\/16599transmedia.org.mx\/index.php\/poema-sme\/","title":{"rendered":"Poema SME"},"content":{"rendered":"<div class=\"fusion-one-full fusion-layout-column fusion-column-last fusion-spacing-yes\" style=\"margin-top:20px;margin-bottom:20px;\"><div class=\"fusion-column-wrapper\"><center><img src=\"http:\/\/16599transmedia.org.mx\/epcon\/wp-content\/uploads\/2016\/02\/puno-rayo1.png\" onmouseover=\"this.src='http:\/\/16599transmedia.org.mx\/epcon\/wp-content\/uploads\/2016\/02\/puno-rayo.png';\" onmouseout=\"this.src='http:\/\/16599transmedia.org.mx\/epcon\/wp-content\/uploads\/2016\/02\/puno-rayo1.png';\"\/><\/center><div class=\"fusion-clearfix\"><\/div><\/div><\/div><div class=\"fusion-clearfix\"><\/div><div class=\"fusion-fullwidth fullwidth-box fusion-fullwidth-1  fusion-parallax-none nonhundred-percent-fullwidth\" style=\"border-color:#25292b;border-bottom-width: 0px;border-top-width: 0px;border-bottom-style: solid;border-top-style: solid;padding-bottom:20px;padding-top:20px;padding-left:;padding-right:;background-color:#25292b;\"><style type=\"text\/css\" scoped=\"scoped\">.fusion-fullwidth-1 {\n                            padding-left: px !important;\n                            padding-right: px !important;\n                        }<\/style><div class=\"fusion-row\"><div class=\"fusion-one-full fusion-layout-column fusion-column-last fusion-spacing-yes\" style=\"margin-top:0px;margin-bottom:20px;\"><div class=\"fusion-column-wrapper\"><p style=\"text-align: center;\">Cinco a\u00f1os<br \/>\nA la memoria de mi padre, Vicente Vel\u00e1zquez Ortiz,<br \/>\na Hermelinda, mi madre,<br \/>\na Sara y Diego,<br \/>\na mis hermanas, a mi familia, a mis amigos<br \/>\ny a mis compa\u00f1eras y compa\u00f1eros de lucha<br \/>\ndel Sindicato Mexicano de Electricistas.<\/p>\n<p style=\"text-align: center;\">Cinco a\u00f1os, compa\u00f1era, compa\u00f1ero.<\/p>\n<p style=\"text-align: center;\">Si no fueran tan ciertos,<br \/>\nt\u00fa, yo,<br \/>\ncualquiera de nosotros, con expresi\u00f3n de asombro<br \/>\ny en un tono con matices de ingenuidad genuina,<br \/>\nse atrever\u00eda a decir:<br \/>\n\u00a1Parece hasta mentira!<br \/>\n\u00a1Qu\u00e9 pronto pasa el tiempo!<\/p>\n<p style=\"text-align: center;\">T\u00fa, yo, cualquiera de nosotros,<br \/>\nsabemos bien que el tiempo pasa pronto cuando duermes,<br \/>\nque el tiempo pasa pronto cuando r\u00edes,<br \/>\nque pasa pronto cuando est\u00e1s con los que amas y te aman.<\/p>\n<p style=\"text-align: center;\">Sin embargo, en estos cinco a\u00f1os,<br \/>\nlo sabe cualquiera de nosotros,<br \/>\nel tiempo se detuvo<br \/>\no pareci\u00f3 detenerse muchas veces.<\/p>\n<p style=\"text-align: center;\">Por ejemplo, todas aquellas noches<br \/>\ncuando en la oscuridad del cuarto<br \/>\ntropez\u00f3 con el perro del insomnio,<br \/>\nque gru\u00f1\u00eda amenazante<br \/>\na cada vuelta que dabas en la cama.<\/p>\n<p style=\"text-align: center;\">Se detuvo por momentos,<br \/>\ny tambi\u00e9n por lugares.<\/p>\n<p style=\"text-align: center;\">Por ejemplo por los sitios, los rincones<br \/>\nen que t\u00fa, yo, cualquiera de nosotros<br \/>\nse ocult\u00f3 para llorar sin que lo vieran.<\/p>\n<p style=\"text-align: center;\">Se detuvo y seguir\u00e1 detenido eternamente<br \/>\nen el \u00faltimo instante de cada uno y todos<br \/>\nnuestros muertos.<\/p>\n<p style=\"text-align: center;\">Pero hemos resistido a la noche,<br \/>\nal desaz\u00f3n, al llanto<br \/>\ny qui\u00e9n sabe a cu\u00e1nto m\u00e1s<br \/>\n(es s\u00f3lo una forma de decirlo,<br \/>\nporque t\u00fa, yo, cualquiera de nosotros<br \/>\nlo sabe, lo sabemos).<\/p>\n<p style=\"text-align: center;\">Un deslustrado lustro<br \/>\nal que hemos dado brillo<br \/>\nporque hemos resistido y hemos<br \/>\nvisto crecer a nuestros hijos.<br \/>\nAlgunos, por entonces tan peque\u00f1os,<br \/>\nahora leen<br \/>\ny suman del uno al diez y as\u00ed hasta el infinito.<br \/>\nOtros se han hecho hombres<br \/>\ny mujeres a prueba de adversidades,<br \/>\na prueba, incluso, de nosotros.<\/p>\n<p style=\"text-align: center;\">Y t\u00fa y yo y cualquiera de nosotros<br \/>\nhemos re\u00eddo y bailado<br \/>\ny bebido<br \/>\ny celebrado su existencia.<\/p>\n<p style=\"text-align: center;\">En fin,<br \/>\ncinco a\u00f1os, compa\u00f1era, compa\u00f1ero,<br \/>\ncomo cinco verdades,<br \/>\ncomo nuestros sentidos,<br \/>\ncomo las letras de la palabra libro,<br \/>\ncomo los continentes de este jodido mundo,<br \/>\ncomo el pentagrama donde habremos<br \/>\nde escribir la canci\u00f3n del futuro,<br \/>\ncomo cualquier cosa que se te ocurra o mandes.<\/p>\n<p style=\"text-align: center;\">T\u00fa,<br \/>\nyo,<br \/>\ncualquiera de nosotros, compa\u00f1era, compa\u00f1ero,<br \/>\ncontamos esos a\u00f1os uno a uno con los dedos de esta mano,<br \/>\nque hoy se cierra con m\u00e1s fuerza<br \/>\ny determinaci\u00f3n que antes<br \/>\nen el pu\u00f1o de siempre,<br \/>\nque pronto habr\u00e1 de alzarse<br \/>\nsujetando con firmeza la Victoria.<\/p>\n<p style=\"text-align: center;\">\u00a1Que viva, eternamente, el Sindicato Mexicano de Electricistas!<\/p>\n<div class=\"fusion-clearfix\"><\/div><\/div><\/div><div class=\"fusion-clearfix\"><\/div><center><img src=\"http:\/\/16599transmedia.org.mx\/epcon\/wp-content\/uploads\/2016\/02\/puno-rayo1.png\" onmouseover=\"this.src='http:\/\/16599transmedia.org.mx\/epcon\/wp-content\/uploads\/2016\/02\/puno-rayo.png';\" onmouseout=\"this.src='http:\/\/16599transmedia.org.mx\/epcon\/wp-content\/uploads\/2016\/02\/puno-rayo1.png';\"\/><\/center><\/div><\/div><div class=\"fusion-one-full fusion-layout-column fusion-column-last fusion-spacing-yes\" style=\"margin-top:0px;margin-bottom:20px;\"><div class=\"fusion-column-wrapper\"><div class=\"fusion-button-wrapper fusion-aligncenter\"><style type=\"text\/css\" scoped=\"scoped\">.fusion-button.button-1 .fusion-button-text, .fusion-button.button-1 i {color:#ffffff;}.fusion-button.button-1 {border-width:0px;border-color:#ffffff;}.fusion-button.button-1 .fusion-button-icon-divider{border-color:#ffffff;}.fusion-button.button-1:hover .fusion-button-text, .fusion-button.button-1:hover i,.fusion-button.button-1:focus .fusion-button-text, .fusion-button.button-1:focus i,.fusion-button.button-1:active .fusion-button-text, .fusion-button.button-1:active{color:#ffffff;}.fusion-button.button-1:hover, .fusion-button.button-1:focus, .fusion-button.button-1:active{border-width:0px;border-color:#ffffff;}.fusion-button.button-1:hover .fusion-button-icon-divider, .fusion-button.button-1:hover .fusion-button-icon-divider, .fusion-button.button-1:active .fusion-button-icon-divider{border-color:#ffffff;}.fusion-button.button-1{background: #b21414;}.fusion-button.button-1:hover,.button-1:focus,.fusion-button.button-1:active{background: #cd071e;}.fusion-button.button-1{width:100%;}<\/style><a class=\"fusion-button button-flat button-square button-large button-default button-1\" target=\"_self\" href=\"http:\/\/16599transmedia.org.mx\/index.php\/sme\/\"><span class=\"fusion-button-text\">REGRESAR<\/span><\/a><\/div><div class=\"fusion-clearfix\"><\/div><\/div><\/div><div class=\"fusion-clearfix\"><\/div>\n","protected":false},"excerpt":{"rendered":"","protected":false},"author":1,"featured_media":0,"parent":0,"menu_order":0,"comment_status":"closed","ping_status":"closed","template":"","meta":[],"_links":{"self":[{"href":"http:\/\/16599transmedia.org.mx\/index.php\/wp-json\/wp\/v2\/pages\/1054"}],"collection":[{"href":"http:\/\/16599transmedia.org.mx\/index.php\/wp-json\/wp\/v2\/pages"}],"about":[{"href":"http:\/\/16599transmedia.org.mx\/index.php\/wp-json\/wp\/v2\/types\/page"}],"author":[{"embeddable":true,"href":"http:\/\/16599transmedia.org.mx\/index.php\/wp-json\/wp\/v2\/users\/1"}],"replies":[{"embeddable":true,"href":"http:\/\/16599transmedia.org.mx\/index.php\/wp-json\/wp\/v2\/comments?post=1054"}],"version-history":[{"count":14,"href":"http:\/\/16599transmedia.org.mx\/index.php\/wp-json\/wp\/v2\/pages\/1054\/revisions"}],"predecessor-version":[{"id":1748,"href":"http:\/\/16599transmedia.org.mx\/index.php\/wp-json\/wp\/v2\/pages\/1054\/revisions\/1748"}],"wp:attachment":[{"href":"http:\/\/16599transmedia.org.mx\/index.php\/wp-json\/wp\/v2\/media?parent=1054"}],"curies":[{"name":"wp","href":"https:\/\/api.w.org\/{rel}","templated":true}]}}