{"id":1514,"date":"2016-02-18T12:32:49","date_gmt":"2016-02-18T18:32:49","guid":{"rendered":"http:\/\/16599transmedia.org.mx\/epcon\/?page_id=1514"},"modified":"2016-02-18T12:34:57","modified_gmt":"2016-02-18T18:34:57","slug":"politica-de-privacidad","status":"publish","type":"page","link":"https:\/\/16599transmedia.org.mx\/index.php\/politica-de-privacidad\/","title":{"rendered":"Pol\u00edtica de Privacidad"},"content":{"rendered":"<div class=\"fusion-fullwidth fullwidth-box fusion-fullwidth-1  fusion-parallax-none nonhundred-percent-fullwidth\" style=\"border-color:#25292b;border-bottom-width: 0px;border-top-width: 0px;border-bottom-style: solid;border-top-style: solid;padding-bottom:50px;padding-top:50px;padding-left:;padding-right:;background-color:#ffffff;\"><style type=\"text\/css\" scoped=\"scoped\">.fusion-fullwidth-1 {\n                            padding-left: px !important;\n                            padding-right: px !important;\n                        }<\/style><div class=\"fusion-row\"><div class=\"fusion-one-full fusion-layout-column fusion-column-last fusion-spacing-yes\" style=\"margin-top:0px;margin-bottom:20px;\"><div class=\"fusion-column-wrapper\"><div class=\"fusion-title title fusion-sep-none fusion-title-center fusion-title-size-two\" style=\"margin-bottom:30px;\"><h2 class=\"title-heading-center\"><span style=\"color: #b21414;\">Aviso de Privacidad<\/span><\/h2><\/div><p class=\"txtAviso\" style=\"text-align: justify;\"><span style=\"color: #333333;\">16599 Transmedia , con domicilio Lisboa # 46 Ju\u00e1rez, 06600 Ju\u00e1rez, DF, M\u00e9xico es responsable de recabar sus datos personales, del uso que se le d\u00e9 a los mismos y de su protecci\u00f3n. <\/span><\/p>\n<p style=\"text-align: justify;\"><span style=\"color: #333333;\">Su informaci\u00f3n personal ser\u00e1 utilizada para proveer informaci\u00f3n que ha solicitado, informarle sobre cambios en los mismos y evaluar la calidad del servicio que le brindamos. Para las finalidades antes mencionadas, requerimos obtener los siguientes datos personales: Nombre completo, correo electronico, considerado como sensible seg\u00fan la Ley Federal de Protecci\u00f3n de Datos Personales en Posesi\u00f3n de los Particulares.<\/span><\/p>\n<p class=\"txtAviso\" style=\"text-align: justify;\"><span style=\"color: #333333;\">Usted tiene derecho de acceder, rectificar y cancelar sus datos personales, as\u00ed como de oponerse al tratamiento de los mismos o revocar el consentimiento que para tal fin nos haya otorgado, a trav\u00e9s de los procedimientos que hemos implementado. Para conocer dichos procedimientos, los requisitos y plazos, se puede poner en contacto con nuestro departamento de datos personales en son <a style=\"color: #b21414;\" href=\"mailto:16599transmedia@gmail.com\"> 16599transmedia@gmail.com<\/a> o visitar nuestra p\u00e1gina de Internet<a style=\"color: #b21414;\" href=\"http:\/\/16599transmedia.org.mx\/\"> www.16599transmedia.org.mx<\/a><\/span><\/p>\n<p class=\"txtAviso\" style=\"text-align: justify;\"><span style=\"color: #333333;\">Asimismo, le informamos que sus datos personales pueden ser transferidos y tratados dentro y fuera del pa\u00eds, por personas distintas a esta empresa. En ese sentido, su informaci\u00f3n puede ser compartida con instituciones academicas para cuestiones culturales.Si usted no manifiesta su oposici\u00f3n para que sus datos personales sean transferidos, se entender\u00e1 que ha otorgado su consentimiento para ello.<\/span><\/p>\n<p style=\"text-align: justify;\"><span style=\"color: #333333;\">Si usted desea dejar de recibir mensajes promocionales de nuestra parte puede solicitarlo a trav\u00e9s de 16599transmedia@gmail.com Cualquier modificaci\u00f3n a este aviso de privacidad podr\u00e1 consultarla en<a style=\"color: #b21414;\" href=\"http:\/\/16599transmedia.org.mx\/\"> www.16599transmedia.org.mx <\/a>Fecha \u00faltima actualizaci\u00f3n [03\/03\/2015]<\/span><\/p>\n<div class=\"fusion-clearfix\"><\/div><\/div><\/div><div class=\"fusion-clearfix\"><\/div><\/div><\/div>\n","protected":false},"excerpt":{"rendered":"","protected":false},"author":1,"featured_media":0,"parent":0,"menu_order":0,"comment_status":"closed","ping_status":"closed","template":"100-width.php","meta":[],"_links":{"self":[{"href":"https:\/\/16599transmedia.org.mx\/index.php\/wp-json\/wp\/v2\/pages\/1514"}],"collection":[{"href":"https:\/\/16599transmedia.org.mx\/index.php\/wp-json\/wp\/v2\/pages"}],"about":[{"href":"https:\/\/16599transmedia.org.mx\/index.php\/wp-json\/wp\/v2\/types\/page"}],"author":[{"embeddable":true,"href":"https:\/\/16599transmedia.org.mx\/index.php\/wp-json\/wp\/v2\/users\/1"}],"replies":[{"embeddable":true,"href":"https:\/\/16599transmedia.org.mx\/index.php\/wp-json\/wp\/v2\/comments?post=1514"}],"version-history":[{"count":2,"href":"https:\/\/16599transmedia.org.mx\/index.php\/wp-json\/wp\/v2\/pages\/1514\/revisions"}],"predecessor-version":[{"id":1516,"href":"https:\/\/16599transmedia.org.mx\/index.php\/wp-json\/wp\/v2\/pages\/1514\/revisions\/1516"}],"wp:attachment":[{"href":"https:\/\/16599transmedia.org.mx\/index.php\/wp-json\/wp\/v2\/media?parent=1514"}],"curies":[{"name":"wp","href":"https:\/\/api.w.org\/{rel}","templated":true}]}}