{"id":1776,"date":"2016-03-17T14:34:32","date_gmt":"2016-03-17T20:34:32","guid":{"rendered":"http:\/\/16599transmedia.org.mx\/?page_id=1776"},"modified":"2016-03-17T17:14:42","modified_gmt":"2016-03-17T23:14:42","slug":"introduction","status":"publish","type":"page","link":"https:\/\/16599transmedia.org.mx\/index.php\/introduction\/","title":{"rendered":"INTRODUCTION"},"content":{"rendered":"<div class=\"fusion-fullwidth fullwidth-box fusion-fullwidth-1  fusion-parallax-none nonhundred-percent-fullwidth\" style=\"border-color:#25292b;border-bottom-width: 0px;border-top-width: 0px;border-bottom-style: solid;border-top-style: solid;padding-bottom:150px;padding-top:100px;padding-left:;padding-right:;background-color:#eeeeee;\"><style type=\"text\/css\" scoped=\"scoped\">.fusion-fullwidth-1 {\n                            padding-left: px !important;\n                            padding-right: px !important;\n                        }<\/style><div class=\"fusion-row\"><div class=\"fusion-one-half fusion-layout-column fusion-spacing-yes\" style=\"margin-top:0px;margin-bottom:20px;\"><div class=\"fusion-column-wrapper\"><h2 style=\"text-align: left;\"><span style=\"color: #b21414;\">What is 16599 Transmedia<\/span><\/h2>\n<div class=\"columnaProyecto\">\n<p style=\"text-align: justify;\"><span style=\"color: #000000;\">It is a web platform that offers an expanded and multiple outlook over the labor dispute experienced by workers of the Mexican Electricians Union (SME) since 2009. The outlook of this struggle is shown through a series of short documentaries, informative sections and graphics with interactive options.<\/span><\/p>\n<p style=\"text-align: justify;\"><span style=\"color: #000000;\">16599 transmedia is launched in 2015, year in which the SME celebrates 100 years of its foundation and coincides with the declaration of UNESCO to celebrate 2015 as the Year of Light.<\/span><\/p>\n<p style=\"text-align: justify;\"><span style=\"color: #000000;\">The platform will remain active by periodically publishing a set of pieces on the electrician fight until the release of a documentary film that will premiere on other screens to the end of 2015.<\/span><\/p>\n<\/div>\n<div class=\"fusion-clearfix\"><\/div><\/div><\/div><div class=\"fusion-one-half fusion-layout-column fusion-column-last fusion-spacing-yes\" style=\"margin-top:0px;margin-bottom:20px;\"><div class=\"fusion-column-wrapper\"><div class=\"imageframe-align-center\"><span class=\"fusion-imageframe imageframe-none imageframe-1 hover-type-none\"> <img alt=\"\" src=\"http:\/\/16599transmedia.org.mx\/epcon\/wp-content\/uploads\/2015\/05\/luchadorElProyecto.jpg\" class=\"img-responsive\"\/><\/span><\/div><div class=\"fusion-clearfix\"><\/div><\/div><\/div><div class=\"fusion-clearfix\"><\/div><\/div><\/div><div class=\"fusion-fullwidth fullwidth-box fusion-fullwidth-2  fusion-parallax-none hundred-percent-fullwidth fusion-nonzero-padding fusion-equal-height-columns\" style=\"border-color:#25292b;border-bottom-width: 0px;border-top-width: 0px;border-bottom-style: solid;border-top-style: solid;padding-bottom:50px;padding-top:50px;padding-left:6%;padding-right:6%;background-color:#1e2123;\"><style type=\"text\/css\" scoped=\"scoped\">.fusion-fullwidth-2 {\n                            padding-left: 6% !important;\n                            padding-right: 6% !important;\n                        }<\/style><div class=\"fusion-row\"><div class=\"fusion-one-third fusion-layout-column fusion-spacing-yes\" style=\"margin-top:0px;margin-bottom:20px;\"><div class=\"fusion-column-wrapper\"><h3 style=\"text-align: left;\">Links<\/h3>\n<ul style=\"text-align: left;\">\n<li><a href=\"http:\/\/www.sme.org.mx\/\" target=\"_blank\">Sindicato Mexicano de Electricistas<\/a><\/li>\n<\/ul>\n<ul style=\"text-align: left;\">\n<li><a href=\"http:\/\/www.nuevacentral.com.mx\/\" target=\"_blank\">Nueva Central de Trabajadores<\/a><\/li>\n<\/ul>\n<ul style=\"text-align: left;\">\n<li><a href=\"http:\/\/www.opt.org.mx\/\" target=\"_blank\">Organizaci\u00f3n Pol\u00edtica del Pueblo y los Trabajadores<\/a><\/li>\n<\/ul>\n<ul>\n<li style=\"text-align: left;\"><a href=\"http:\/\/usuariosdeluz.blogspot.mx\/\" target=\"_blank\">Asamblea\u00a0 Nacional de Usuarios de la Energ\u00eda El\u00e9ctrica<\/a><\/li>\n<\/ul>\n<div class=\"fusion-clearfix\"><\/div><\/div><\/div><div class=\"fusion-one-third fusion-layout-column fusion-spacing-yes\" style=\"margin-top:0px;margin-bottom:20px;\"><div class=\"fusion-column-wrapper\"><h3 style=\"text-align: center;\">Production<\/h3>\n<p><img loading=\"lazy\" class=\"wp-image-1531 size-full aligncenter\" src=\"http:\/\/16599transmedia.org.mx\/epcon\/wp-content\/uploads\/2016\/02\/logo-small.png\" alt=\"\" width=\"250\" height=\"131\" \/><\/p>\n<div class=\"fusion-clearfix\"><\/div><\/div><\/div><div class=\"fusion-one-third fusion-layout-column fusion-column-last fusion-spacing-yes\" style=\"margin-top:0px;margin-bottom:20px;\"><div class=\"fusion-column-wrapper\"><h3 style=\"text-align: left;\">Contributors<\/h3>\n<ul style=\"text-align: left;\">\n<li><a>Magallanes Estudio<\/a><\/li>\n<\/ul>\n<ul style=\"text-align: left;\">\n<li><a>Punto Amarillo<\/a><\/li>\n<\/ul>\n<ul style=\"text-align: left;\">\n<li><a>Rabacanda Films<\/a><\/li>\n<\/ul>\n<ul>\n<li style=\"text-align: left;\"><a>Websigner Studio<\/a><\/li>\n<\/ul>\n<div class=\"fusion-clearfix\"><\/div><\/div><\/div><div class=\"fusion-clearfix\"><\/div><div class=\"fusion-sep-clear\"><\/div><div class=\"fusion-separator fusion-full-width-sep sep-shadow\" style=\"background:radial-gradient(ellipse at 50% -50% , #ffffff 0px, rgba(255, 255, 255, 0) 80%) repeat scroll 0 0 rgba(0, 0, 0, 0);background:-webkit-radial-gradient(ellipse at 50% -50% , #ffffff 0px, rgba(255, 255, 255, 0) 80%) repeat scroll 0 0 rgba(0, 0, 0, 0);background:-moz-radial-gradient(ellipse at 50% -50% , #ffffff 0px, rgba(255, 255, 255, 0) 80%) repeat scroll 0 0 rgba(0, 0, 0, 0);background:-o-radial-gradient(ellipse at 50% -50% , #ffffff 0px, rgba(255, 255, 255, 0) 80%) repeat scroll 0 0 rgba(0, 0, 0, 0);margin-left: auto;margin-right: auto;margin-top:40px;\"><\/div><\/div><\/div><div class=\"fusion-fullwidth fullwidth-box fusion-fullwidth-3  fusion-parallax-none hundred-percent-fullwidth fusion-nonzero-padding fusion-equal-height-columns\" style=\"border-color:#25292b;border-bottom-width: 0px;border-top-width: 0px;border-bottom-style: solid;border-top-style: solid;padding-bottom:0px;padding-top:5px;padding-left:6%;padding-right:6%;background-color:#1e2123;\"><style type=\"text\/css\" scoped=\"scoped\">.fusion-fullwidth-3 {\n                            padding-left: 6% !important;\n                            padding-right: 6% !important;\n                        }<\/style><div class=\"fusion-row\"><div class=\"fusion-title title fusion-sep-none fusion-title-size-two\" style=\"margin-bottom:30px;\"><h2 class=\"title-heading-left\"><span style=\"color: #b21414;\">Directory<\/span><\/h2><\/div><\/div><\/div><div class=\"fusion-fullwidth fullwidth-box fusion-fullwidth-4  fusion-parallax-none hundred-percent-fullwidth fusion-nonzero-padding fusion-equal-height-columns\" style=\"border-color:#25292b;border-bottom-width: 0px;border-top-width: 0px;border-bottom-style: solid;border-top-style: solid;padding-bottom:50px;padding-top:5px;padding-left:6%;padding-right:6%;background-color:#1e2123;\"><style type=\"text\/css\" scoped=\"scoped\">.fusion-fullwidth-4 {\n                            padding-left: 6% !important;\n                            padding-right: 6% !important;\n                        }<\/style><div class=\"fusion-row\"><div class=\"fusion-title title fusion-sep-none fusion-title-size-three\" style=\"margin-bottom:0px;\"><h3 class=\"title-heading-left\">PRODUCTION CREW<\/h3><\/div><div class=\"fusion-one-half fusion-layout-column fusion-spacing-yes\" style=\"margin-top:0px;margin-bottom:20px;\"><div class=\"fusion-column-wrapper\"><ul class=\"equipo\">\n<li><strong>Direction: <\/strong>Alejandra Islas<\/li>\n<li><strong>Production: <\/strong>Nadia Hern\u00e1ndez del R\u00edo<\/li>\n<li><strong>Photography and editing: <\/strong>Alejandra Islas, Nadia Hern\u00e1ndez del R\u00edo, Ricardo Hidalgo, Alejandro Quesnel<\/li>\n<li><strong>Post production: <\/strong>Ricardo Hidalgo<\/li>\n<li><strong>Arts and animation: <\/strong>Alejandro Magallanes<\/li>\n<li><strong>Web Design: <\/strong>Erick Lazarini<\/li>\n<li><strong>Community Manager: <\/strong>Leobardo Mendo<\/li>\n<li><strong>Website development: <\/strong>EPCON CCS<\/li>\n<li><strong>Artwork: <\/strong>El Trazo M\u00e9ndez<\/li>\n<li><strong>Media coordination: <\/strong>Daniela Villegas<\/li>\n<li><strong>Broadcasting coordination: <\/strong>H\u00e9ctor Becerra<\/li>\n<li><strong>Sound design: <\/strong>Humberto Cruz<\/li>\n<\/ul>\n<div class=\"fusion-clearfix\"><\/div><\/div><\/div><div class=\"fusion-one-half fusion-layout-column fusion-column-last fusion-spacing-yes\" style=\"margin-top:0px;margin-bottom:20px;\"><div class=\"fusion-column-wrapper\"><div class=\"columna\">\n<ul class=\"equipo\">\n<li><strong>Production assistant: <\/strong>Israel Tapia<\/li>\n<li><strong>Photoshop: <\/strong>Tere Garay, Roberto Mendo<\/li>\n<li><strong>Still Photographer: <\/strong>Nadia Hern\u00e1ndez, Alejandra Islas, Iv\u00e1n Castaneira , Mario Navarrete, Paloma Oropeza, Tom\u00e1s Romero<\/li>\n<li><strong>Text editors: <\/strong>Alfredo N\u00fa\u00f1ez-Lanz<\/li>\n<li><strong>Translation: <\/strong>Catalina Sherwell, Enrique Espino<\/li>\n<li><strong>Transcription: <\/strong>America Solorzano<\/li>\n<li><strong>Archive: <\/strong>Revista lux \/ Canal 6 de Julio<\/li>\n<\/ul>\n<\/div>\n<div class=\"columna\">\n<ul class=\"equipo\">\n<li><strong>Production Support: <\/strong>Esther del R\u00edo, Enrique Hern\u00e1ndez, Esther Hern\u00e1ndez del R\u00edo.<\/li>\n<li><strong>Historical Archive: <\/strong>Antonio Garc\u00e9s, Cesar del Pilar.<\/li>\n<li><strong>Historical advisory SME: <\/strong>Mart\u00edn Esparza, Humberto Montes de Oca, Jorge Herrera, Juan Carlos Escalante.<\/li>\n<\/ul>\n<\/div>\n<div class=\"fusion-clearfix\"><\/div><\/div><\/div><div class=\"fusion-clearfix\"><\/div><\/div><\/div><div class=\"fusion-fullwidth fullwidth-box fusion-fullwidth-5  fusion-parallax-none hundred-percent-fullwidth fusion-nonzero-padding fusion-equal-height-columns\" style=\"border-color:#25292b;border-bottom-width: 0px;border-top-width: 0px;border-bottom-style: solid;border-top-style: solid;padding-bottom:50px;padding-top:5px;padding-left:6%;padding-right:6%;background-color:#1e2123;\"><style type=\"text\/css\" scoped=\"scoped\">.fusion-fullwidth-5 {\n                            padding-left: 6% !important;\n                            padding-right: 6% !important;\n                        }<\/style><div class=\"fusion-row\"><h3 style=\"text-align: center;\">Acknowledgements<\/h3>\n<p style=\"text-align: center;\"><strong>Thanks to all electricians and their families in resistance to star in this story<\/strong><\/p>\n<\/div><\/div><div class=\"fusion-fullwidth fullwidth-box fusion-fullwidth-6  fusion-parallax-none nonhundred-percent-fullwidth\" style=\"border-color:#25292b;border-bottom-width: 0px;border-top-width: 0px;border-bottom-style: solid;border-top-style: solid;padding-bottom:0px;padding-top:40px;padding-left:;padding-right:;background-color:#363839;\"><style type=\"text\/css\" scoped=\"scoped\">.fusion-fullwidth-6 {\n                            padding-left: px !important;\n                            padding-right: px !important;\n                        }<\/style><div class=\"fusion-row\"><div class=\"fusion-widget-area fusion-widget-area-1 fusion-content-widget-area\"><style type=\"text\/css\" scoped=\"scoped\">.fusion-widget-area-1 {background-color:#363839;}<\/style><div id=\"menu-widget-4\" class=\"fusion-slidingbar-widget-column widget menu\">\t\t<style type=\"text\/css\">\n\t\t#menu-widget-4 > .fusion-widget-menu ul {\n\t\t\t\t\t\tfloat: left;\n\t\t\t\t\t}\n\t\t#menu-widget-4 > .fusion-widget-menu li {\n\t\t\tdisplay: inline-block;\n\t\t}\n\t\t#menu-widget-4 ul li a {\n\t\t\tdisplay: inline-block;\n\t\t\tpadding: 0;\n\t\t\tborder: 0;\n\t\t\tcolor: #cccccc;\n\t\t\tfont-size: 15px;\n\t\t}\n\t\t#menu-widget-4 ul li a:after {\n\t\t\tcontent: '';\n\t\t\tcolor: #cccccc;\n\t\t\tpadding-right: 10px;\n\t\t\tpadding-left: 10px;\n\t\t\tfont-size: 15px;\n\t\t}\n\t\t#menu-widget-4 ul li a:hover {\n\t\t\tcolor: #ffffff;\n\t\t}\n\t\t#menu-widget-4 ul li:last-child a:after {\n\t\t\tdisplay: none;\n\t\t}\n\t\t#menu-widget-4 ul li .fusion-widget-cart-number {\n\t\t\tbackground-color: #ffffff;\n\t\t\tcolor: #cccccc;\n\t\t}\n\t\t#menu-widget-4 ul li.fusion-active-cart-icon .fusion-widget-cart-icon:after {\n\t\t\tcolor: #ffffff;\n\t\t}\n\t\t<\/style>\n\t\t<div class=\"fusion-widget-menu\"><ul id=\"menu-footer-english-menu\" class=\"menu\"><li id=\"menu-item-1764\" class=\"menu-item menu-item-type-post_type menu-item-object-page menu-item-1764\"><a href=\"https:\/\/16599transmedia.org.mx\/index.php\/homeen\/\">HOME<\/a><\/li>\n<li id=\"menu-item-1891\" class=\"menu-item menu-item-type-post_type menu-item-object-page menu-item-1891\"><a href=\"https:\/\/16599transmedia.org.mx\/index.php\/introduction\/\">INTRODUCTION<\/a><\/li>\n<li id=\"menu-item-1763\" class=\"menu-item menu-item-type-post_type menu-item-object-page menu-item-1763\"><a href=\"https:\/\/16599transmedia.org.mx\/index.php\/contacto\/\">CONTACT<\/a><\/li>\n<li id=\"menu-item-1892\" class=\"menu-item menu-item-type-post_type menu-item-object-page menu-item-1892\"><a href=\"https:\/\/16599transmedia.org.mx\/index.php\/legales\/\">LEGACY<\/a><\/li>\n<li id=\"menu-item-1893\" class=\"menu-item menu-item-type-post_type menu-item-object-page menu-item-1893\"><a href=\"https:\/\/16599transmedia.org.mx\/index.php\/politica-de-privacidad\/\">PRIVACY POLICY<\/a><\/li>\n<\/ul><\/div><div style=\"clear:both;\"><\/div><\/div><div class=\"fusion-additional-widget-content\"><\/div><\/div><\/div><\/div><div class=\"fusion-fullwidth fullwidth-box fusion-fullwidth-7  fusion-parallax-none nonhundred-percent-fullwidth fusion-equal-height-columns\" style=\"border-color:#25292b;border-bottom-width: 0px;border-top-width: 0px;border-bottom-style: solid;border-top-style: solid;padding-bottom:20px;padding-top:20px;padding-left:;padding-right:;background-color:#191c1e;\"><style type=\"text\/css\" scoped=\"scoped\">.fusion-fullwidth-7 {\n                            padding-left: px !important;\n                            padding-right: px !important;\n                        }<\/style><div class=\"fusion-row\"><div class=\"fusion-four-fifth fusion-layout-column fusion-spacing-yes\" style=\"margin-top:0px;margin-bottom:20px;\"><div class=\"fusion-column-wrapper\"><div class=\"fusion-column-table\"><div class=\"fusion-column-tablecell\"><strong>TRANSMEDIA<\/strong> \u00a9 2016 All Rights Reserved.<a href=\"http:\/\/www.epcon.com.mx\/\" target=\"_blank\"><br\/>Software and Website development by <strong>EPCON CCS<\/strong><\/a><div class=\"fusion-clearfix\"><\/div><\/div><\/div><\/div><\/div><div class=\"fusion-one-fifth fusion-layout-column fusion-column-last fusion-spacing-yes\" style=\"margin-top:0px;margin-bottom:20px;\"><div class=\"fusion-column-wrapper\"><div class=\"fusion-column-table\"><div class=\"fusion-column-tablecell\"><div class=\"alignright\"><div class=\"fusion-social-links\"><div class=\"fusion-social-networks boxed-icons\"><div class=\"fusion-social-networks-wrapper\"><a class=\"fusion-social-network-icon fusion-tooltip fusion-facebook fusion-icon-facebook\" target=\"_blank\" href=\"https:\/\/www.facebook.com\/16599-Transmedia-423364847815851\/?ref=ts\" style=\"color:#ffffff;background-color:#b21414;border-color:#b21414;border-radius:2px;\" data-placement=\"top\" data-title=\"Facebook\" data-toggle=\"tooltip\" title=\"Facebook\"><\/a><a class=\"fusion-social-network-icon fusion-tooltip fusion-vimeo fusion-icon-vimeo\" target=\"_blank\" href=\"https:\/\/vimeo.com\/user27696315\" style=\"color:#ffffff;background-color:#b21414;border-color:#b21414;border-radius:2px;\" data-placement=\"top\" data-title=\"Vimeo\" data-toggle=\"tooltip\" title=\"Vimeo\"><\/a><a class=\"fusion-social-network-icon fusion-tooltip fusion-mail fusion-icon-mail\" target=\"_self\" href=\"mailto:contacto\" style=\"color:#ffffff;background-color:#b21414;border-color:#b21414;border-radius:2px;\" data-placement=\"top\" data-title=\"Mail\" data-toggle=\"tooltip\" title=\"Mail\"><\/a><\/div><\/div><\/div><\/div><div class=\"fusion-clearfix\"><\/div><\/div><\/div><\/div><\/div><div class=\"fusion-clearfix\"><\/div><\/div><\/div>\n","protected":false},"excerpt":{"rendered":"","protected":false},"author":1,"featured_media":0,"parent":0,"menu_order":0,"comment_status":"closed","ping_status":"closed","template":"100-width.php","meta":[],"_links":{"self":[{"href":"https:\/\/16599transmedia.org.mx\/index.php\/wp-json\/wp\/v2\/pages\/1776"}],"collection":[{"href":"https:\/\/16599transmedia.org.mx\/index.php\/wp-json\/wp\/v2\/pages"}],"about":[{"href":"https:\/\/16599transmedia.org.mx\/index.php\/wp-json\/wp\/v2\/types\/page"}],"author":[{"embeddable":true,"href":"https:\/\/16599transmedia.org.mx\/index.php\/wp-json\/wp\/v2\/users\/1"}],"replies":[{"embeddable":true,"href":"https:\/\/16599transmedia.org.mx\/index.php\/wp-json\/wp\/v2\/comments?post=1776"}],"version-history":[{"count":11,"href":"https:\/\/16599transmedia.org.mx\/index.php\/wp-json\/wp\/v2\/pages\/1776\/revisions"}],"predecessor-version":[{"id":1815,"href":"https:\/\/16599transmedia.org.mx\/index.php\/wp-json\/wp\/v2\/pages\/1776\/revisions\/1815"}],"wp:attachment":[{"href":"https:\/\/16599transmedia.org.mx\/index.php\/wp-json\/wp\/v2\/media?parent=1776"}],"curies":[{"name":"wp","href":"https:\/\/api.w.org\/{rel}","templated":true}]}}